{"id":3053,"date":"2025-11-06T10:53:46","date_gmt":"2025-11-06T07:53:46","guid":{"rendered":"https:\/\/sncplastik.com.tr\/?post_type=product&#038;p=3053"},"modified":"2026-01-11T18:23:02","modified_gmt":"2026-01-11T15:23:02","slug":"18-9-lt-kulplu-damacana-tritan","status":"publish","type":"product","link":"https:\/\/sncplastik.com.tr\/tr\/p\/18-9-lt-kulplu-damacana-tritan\/","title":{"rendered":"18.9 Lt Kulplu Damacana (Tritan)"},"content":{"rendered":"<p data-start=\"43\" data-end=\"201\"><strong data-start=\"43\" data-end=\"55\">Malzeme:<\/strong> Tritan<br data-start=\"62\" data-end=\"65\" \/><strong data-start=\"65\" data-end=\"88\">\u00dcretim Teknolojisi:<\/strong> Enjeksiyon<br data-start=\"99\" data-end=\"102\" data-is-only-node=\"\" \/><strong data-start=\"102\" data-end=\"121\">G\u00f6r\u00fcn\u00fcm \/ Renk:<\/strong> Mavi &amp; \u015eeffaf<br data-start=\"135\" data-end=\"138\" \/><strong data-start=\"138\" data-end=\"160\">Kullan\u0131m Alanlar\u0131:<\/strong> Su Dolum Tesisleri<br data-start=\"179\" data-end=\"182\" \/><strong data-start=\"182\" data-end=\"191\">Koku:<\/strong> Kokusuz<\/p>\n<p data-start=\"203\" data-end=\"217\"><strong data-start=\"203\" data-end=\"215\">\u00d6l\u00e7\u00fcler:<\/strong><\/p>\n<ul data-start=\"218\" data-end=\"332\" data-is-last-node=\"\" data-is-only-node=\"\">\n<li data-start=\"218\" data-end=\"243\">\n<p data-start=\"220\" data-end=\"243\"><strong data-start=\"220\" data-end=\"234\">Y\u00fckseklik:<\/strong> 488 mm<\/p>\n<\/li>\n<li data-start=\"244\" data-end=\"272\">\n<p data-start=\"246\" data-end=\"272\"><strong data-start=\"246\" data-end=\"258\">A\u011f\u0131rl\u0131k:<\/strong> 820 \u00b1 10 gr<\/p>\n<\/li>\n<li data-start=\"273\" data-end=\"305\">\n<p data-start=\"275\" data-end=\"305\"><strong data-start=\"275\" data-end=\"293\">A\u011f\u0131z D\u0131\u015f \u00c7ap\u0131:<\/strong> \u00d8 55,2 mm<\/p>\n<\/li>\n<li data-start=\"306\" data-end=\"332\" data-is-last-node=\"\">\n<p data-start=\"308\" data-end=\"332\" data-is-last-node=\"\"><strong data-start=\"308\" data-end=\"323\">Taban \u00c7ap\u0131:<\/strong> \u00d8 271 mm<\/p>\n<\/li>\n<\/ul>\n","protected":false},"excerpt":{"rendered":"<p data-start=\"43\" data-end=\"201\"><strong data-start=\"43\" data-end=\"55\">Malzeme:<\/strong> Tritan<br data-start=\"62\" data-end=\"65\" \/><strong data-start=\"65\" data-end=\"88\">\u00dcretim Teknolojisi:<\/strong> Enjeksiyon<br data-start=\"99\" data-end=\"102\" data-is-only-node=\"\" \/><strong data-start=\"102\" data-end=\"121\">G\u00f6r\u00fcn\u00fcm \/ Renk:<\/strong> Mavi &amp; \u015eeffaf<br data-start=\"135\" data-end=\"138\" \/><strong data-start=\"138\" data-end=\"160\">Kullan\u0131m Alanlar\u0131:<\/strong> Su Dolum Tesisleri<br data-start=\"179\" data-end=\"182\" \/><strong data-start=\"182\" data-end=\"191\">Koku:<\/strong> Kokusuz<\/p>\n<p data-start=\"203\" data-end=\"217\"><strong data-start=\"203\" data-end=\"215\">\u00d6l\u00e7\u00fcler:<\/strong><\/p>\n<ul data-start=\"218\" data-end=\"332\" data-is-last-node=\"\" data-is-only-node=\"\">\n<li data-start=\"218\" data-end=\"243\">\n<p data-start=\"220\" data-end=\"243\"><strong data-start=\"220\" data-end=\"234\">Y\u00fckseklik:<\/strong> 488 mm<\/p>\n<\/li>\n<li data-start=\"244\" data-end=\"272\">\n<p data-start=\"246\" data-end=\"272\"><strong data-start=\"246\" data-end=\"258\">A\u011f\u0131rl\u0131k:<\/strong> 820 \u00b1 10 gr<\/p>\n<\/li>\n<li data-start=\"273\" data-end=\"305\">\n<p data-start=\"275\" data-end=\"305\"><strong data-start=\"275\" data-end=\"293\">A\u011f\u0131z D\u0131\u015f \u00c7ap\u0131:<\/strong> \u00d8 55,2 mm<\/p>\n<\/li>\n<li data-start=\"306\" data-end=\"332\" data-is-last-node=\"\">\n<p data-start=\"308\" data-end=\"332\" data-is-last-node=\"\"><strong data-start=\"308\" data-end=\"323\">Taban \u00c7ap\u0131:<\/strong> \u00d8 271 mm<\/p>\n<\/li>\n<\/ul>\n","protected":false},"featured_media":2964,"comment_status":"open","ping_status":"closed","template":"","meta":[],"product_brand":[],"product_cat":[73],"product_tag":[],"class_list":{"0":"post-3053","1":"product","2":"type-product","3":"status-publish","4":"has-post-thumbnail","6":"product_cat-damacana","8":"first","9":"instock","10":"shipping-taxable","11":"product-type-simple"},"_links":{"self":[{"href":"https:\/\/sncplastik.com.tr\/tr\/wp-json\/wp\/v2\/product\/3053","targetHints":{"allow":["GET"]}}],"collection":[{"href":"https:\/\/sncplastik.com.tr\/tr\/wp-json\/wp\/v2\/product"}],"about":[{"href":"https:\/\/sncplastik.com.tr\/tr\/wp-json\/wp\/v2\/types\/product"}],"replies":[{"embeddable":true,"href":"https:\/\/sncplastik.com.tr\/tr\/wp-json\/wp\/v2\/comments?post=3053"}],"wp:featuredmedia":[{"embeddable":true,"href":"https:\/\/sncplastik.com.tr\/tr\/wp-json\/wp\/v2\/media\/2964"}],"wp:attachment":[{"href":"https:\/\/sncplastik.com.tr\/tr\/wp-json\/wp\/v2\/media?parent=3053"}],"wp:term":[{"taxonomy":"product_brand","embeddable":true,"href":"https:\/\/sncplastik.com.tr\/tr\/wp-json\/wp\/v2\/product_brand?post=3053"},{"taxonomy":"product_cat","embeddable":true,"href":"https:\/\/sncplastik.com.tr\/tr\/wp-json\/wp\/v2\/product_cat?post=3053"},{"taxonomy":"product_tag","embeddable":true,"href":"https:\/\/sncplastik.com.tr\/tr\/wp-json\/wp\/v2\/product_tag?post=3053"}],"curies":[{"name":"wp","href":"https:\/\/api.w.org\/{rel}","templated":true}]}}