{"id":3052,"date":"2025-11-06T11:00:06","date_gmt":"2025-11-06T08:00:06","guid":{"rendered":"https:\/\/sncplastik.com.tr\/?post_type=product&#038;p=3052"},"modified":"2026-01-11T18:22:52","modified_gmt":"2026-01-11T15:22:52","slug":"18-9-lt-kulpsuz-damacana-tritan","status":"publish","type":"product","link":"https:\/\/sncplastik.com.tr\/tr\/p\/18-9-lt-kulpsuz-damacana-tritan\/","title":{"rendered":"18.9 Lt Kulpsuz Damacana (Tritan)"},"content":{"rendered":"","protected":false},"excerpt":{"rendered":"<div class=\"flex flex-col text-sm pb-25\">\n<article class=\"text-token-text-primary w-full focus:outline-none [--shadow-height:45px] has-data-writing-block:pointer-events-none has-data-writing-block:-mt-(--shadow-height) has-data-writing-block:pt-(--shadow-height) [&amp;:has([data-writing-block])&gt;*]:pointer-events-auto scroll-mt-[calc(var(--header-height)+min(200px,max(70px,20svh)))]\" dir=\"auto\" tabindex=\"-1\" data-turn-id=\"request-6963af32-b188-832b-a075-53492cc62538-4\" data-testid=\"conversation-turn-22\" data-scroll-anchor=\"true\" data-turn=\"assistant\">\n<div class=\"text-base my-auto mx-auto pb-10 [--thread-content-margin:--spacing(4)] @w-sm\/main:[--thread-content-margin:--spacing(6)] @w-lg\/main:[--thread-content-margin:--spacing(16)] px-(--thread-content-margin)\">\n<div class=\"[--thread-content-max-width:40rem] @w-lg\/main:[--thread-content-max-width:48rem] mx-auto max-w-(--thread-content-max-width) flex-1 group\/turn-messages focus-visible:outline-hidden relative flex w-full min-w-0 flex-col agent-turn\" tabindex=\"-1\">\n<div class=\"flex max-w-full flex-col grow\">\n<div class=\"min-h-8 text-message relative flex w-full flex-col items-end gap-2 text-start break-words whitespace-normal [.text-message+&amp;]:mt-1\" dir=\"auto\" data-message-author-role=\"assistant\" data-message-id=\"4ed13782-95be-4b8f-8550-03423c848bd4\" data-message-model-slug=\"gpt-5-2\">\n<div class=\"flex w-full flex-col gap-1 empty:hidden first:pt-[1px]\">\n<div class=\"markdown prose dark:prose-invert w-full break-words light markdown-new-styling\">\n<p data-start=\"44\" data-end=\"202\"><strong data-start=\"44\" data-end=\"56\">Malzeme:<\/strong> Tritan<br data-start=\"63\" data-end=\"66\" \/><strong data-start=\"66\" data-end=\"89\">\u00dcretim Teknolojisi:<\/strong> Enjeksiyon<br data-start=\"100\" data-end=\"103\" data-is-only-node=\"\" \/><strong data-start=\"103\" data-end=\"122\">G\u00f6r\u00fcn\u00fcm \/ Renk:<\/strong> Mavi &amp; \u015eeffaf<br data-start=\"136\" data-end=\"139\" \/><strong data-start=\"139\" data-end=\"161\">Kullan\u0131m Alanlar\u0131:<\/strong> Su Dolum Tesisleri<br data-start=\"180\" data-end=\"183\" \/><strong data-start=\"183\" data-end=\"192\">Koku:<\/strong> Kokusuz<\/p>\n<p data-start=\"204\" data-end=\"218\"><strong data-start=\"204\" data-end=\"216\">\u00d6l\u00e7\u00fcler:<\/strong><\/p>\n<ul data-start=\"219\" data-end=\"333\" data-is-last-node=\"\" data-is-only-node=\"\">\n<li data-start=\"219\" data-end=\"244\">\n<p data-start=\"221\" data-end=\"244\"><strong data-start=\"221\" data-end=\"235\">Y\u00fckseklik:<\/strong> 488 mm<\/p>\n<\/li>\n<li data-start=\"245\" data-end=\"273\">\n<p data-start=\"247\" data-end=\"273\"><strong data-start=\"247\" data-end=\"259\">A\u011f\u0131rl\u0131k:<\/strong> 780 \u00b1 10 gr<\/p>\n<\/li>\n<li data-start=\"274\" data-end=\"306\">\n<p data-start=\"276\" data-end=\"306\"><strong data-start=\"276\" data-end=\"294\">A\u011f\u0131z D\u0131\u015f \u00c7ap\u0131:<\/strong> \u00d8 55,2 mm<\/p>\n<\/li>\n<li data-start=\"307\" data-end=\"333\" data-is-last-node=\"\">\n<p data-start=\"309\" data-end=\"333\" data-is-last-node=\"\"><strong data-start=\"309\" data-end=\"324\">Taban \u00c7ap\u0131:<\/strong> \u00d8 271 mm<\/p>\n<\/li>\n<\/ul>\n<\/div>\n<\/div>\n<\/div>\n<\/div>\n<div class=\"z-0 flex min-h-[46px] justify-start\"><\/div>\n<div class=\"mt-3 w-full empty:hidden\">\n<div class=\"text-center\"><\/div>\n<\/div>\n<\/div>\n<\/div>\n<\/article>\n<\/div>\n<div class=\"pointer-events-none h-px w-px absolute bottom-0\" aria-hidden=\"true\" data-edge=\"true\"><\/div>\n","protected":false},"featured_media":2962,"comment_status":"open","ping_status":"closed","template":"","meta":[],"product_brand":[],"product_cat":[73],"product_tag":[],"class_list":{"0":"post-3052","1":"product","2":"type-product","3":"status-publish","4":"has-post-thumbnail","6":"product_cat-damacana","8":"first","9":"instock","10":"shipping-taxable","11":"product-type-simple"},"_links":{"self":[{"href":"https:\/\/sncplastik.com.tr\/tr\/wp-json\/wp\/v2\/product\/3052","targetHints":{"allow":["GET"]}}],"collection":[{"href":"https:\/\/sncplastik.com.tr\/tr\/wp-json\/wp\/v2\/product"}],"about":[{"href":"https:\/\/sncplastik.com.tr\/tr\/wp-json\/wp\/v2\/types\/product"}],"replies":[{"embeddable":true,"href":"https:\/\/sncplastik.com.tr\/tr\/wp-json\/wp\/v2\/comments?post=3052"}],"wp:featuredmedia":[{"embeddable":true,"href":"https:\/\/sncplastik.com.tr\/tr\/wp-json\/wp\/v2\/media\/2962"}],"wp:attachment":[{"href":"https:\/\/sncplastik.com.tr\/tr\/wp-json\/wp\/v2\/media?parent=3052"}],"wp:term":[{"taxonomy":"product_brand","embeddable":true,"href":"https:\/\/sncplastik.com.tr\/tr\/wp-json\/wp\/v2\/product_brand?post=3052"},{"taxonomy":"product_cat","embeddable":true,"href":"https:\/\/sncplastik.com.tr\/tr\/wp-json\/wp\/v2\/product_cat?post=3052"},{"taxonomy":"product_tag","embeddable":true,"href":"https:\/\/sncplastik.com.tr\/tr\/wp-json\/wp\/v2\/product_tag?post=3052"}],"curies":[{"name":"wp","href":"https:\/\/api.w.org\/{rel}","templated":true}]}}