{"id":3051,"date":"2025-11-06T11:02:30","date_gmt":"2025-11-06T08:02:30","guid":{"rendered":"https:\/\/sncplastik.com.tr\/?post_type=product&#038;p=3051"},"modified":"2026-01-11T18:22:41","modified_gmt":"2026-01-11T15:22:41","slug":"18-9-lt-kulplu-damacana-polikarbon","status":"publish","type":"product","link":"https:\/\/sncplastik.com.tr\/tr\/p\/18-9-lt-kulplu-damacana-polikarbon\/","title":{"rendered":"18.9 Lt Kulplu Damacana (Polikarbon)"},"content":{"rendered":"<p>&nbsp;<\/p>\n<p>&nbsp;<\/p>\n","protected":false},"excerpt":{"rendered":"<p data-start=\"0\" data-end=\"164\"><strong data-start=\"0\" data-end=\"12\">Malzeme:<\/strong> Polikarbon<br data-start=\"25\" data-end=\"28\" \/><strong data-start=\"28\" data-end=\"51\" data-is-only-node=\"\">\u00dcretim Teknolojisi:<\/strong> Enjeksiyon<br data-start=\"62\" data-end=\"65\" \/><strong data-start=\"65\" data-end=\"84\">G\u00f6r\u00fcn\u00fcm \/ Renk:<\/strong> Mavi &amp; \u015eeffaf<br data-start=\"98\" data-end=\"101\" \/><strong data-start=\"101\" data-end=\"123\">Kullan\u0131m Alanlar\u0131:<\/strong> Su Dolum Tesisleri<br data-start=\"142\" data-end=\"145\" \/><strong data-start=\"145\" data-end=\"154\">Koku:<\/strong> Kokusuz<\/p>\n<p data-start=\"166\" data-end=\"180\"><strong data-start=\"166\" data-end=\"178\">\u00d6l\u00e7\u00fcler:<\/strong><\/p>\n<ul data-start=\"181\" data-end=\"290\" data-is-last-node=\"\" data-is-only-node=\"\">\n<li data-start=\"181\" data-end=\"206\">\n<p data-start=\"183\" data-end=\"206\"><strong data-start=\"183\" data-end=\"197\">Y\u00fckseklik:<\/strong> 488 mm<\/p>\n<\/li>\n<li data-start=\"207\" data-end=\"230\">\n<p data-start=\"209\" data-end=\"230\"><strong data-start=\"209\" data-end=\"221\">A\u011f\u0131rl\u0131k:<\/strong> 820 gr<\/p>\n<\/li>\n<li data-start=\"231\" data-end=\"263\">\n<p data-start=\"233\" data-end=\"263\"><strong data-start=\"233\" data-end=\"251\">A\u011f\u0131z D\u0131\u015f \u00c7ap\u0131:<\/strong> \u00d8 55,2 mm<\/p>\n<\/li>\n<li data-start=\"264\" data-end=\"290\" data-is-last-node=\"\">\n<p data-start=\"266\" data-end=\"290\" data-is-last-node=\"\"><strong data-start=\"266\" data-end=\"281\">Taban \u00c7ap\u0131:<\/strong> \u00d8 271 mm<\/p>\n<\/li>\n<\/ul>\n","protected":false},"featured_media":2968,"comment_status":"open","ping_status":"closed","template":"","meta":[],"product_brand":[],"product_cat":[83],"product_tag":[],"class_list":{"0":"post-3051","1":"product","2":"type-product","3":"status-publish","4":"has-post-thumbnail","6":"product_cat-klasik","8":"first","9":"instock","10":"shipping-taxable","11":"product-type-simple"},"_links":{"self":[{"href":"https:\/\/sncplastik.com.tr\/tr\/wp-json\/wp\/v2\/product\/3051","targetHints":{"allow":["GET"]}}],"collection":[{"href":"https:\/\/sncplastik.com.tr\/tr\/wp-json\/wp\/v2\/product"}],"about":[{"href":"https:\/\/sncplastik.com.tr\/tr\/wp-json\/wp\/v2\/types\/product"}],"replies":[{"embeddable":true,"href":"https:\/\/sncplastik.com.tr\/tr\/wp-json\/wp\/v2\/comments?post=3051"}],"wp:featuredmedia":[{"embeddable":true,"href":"https:\/\/sncplastik.com.tr\/tr\/wp-json\/wp\/v2\/media\/2968"}],"wp:attachment":[{"href":"https:\/\/sncplastik.com.tr\/tr\/wp-json\/wp\/v2\/media?parent=3051"}],"wp:term":[{"taxonomy":"product_brand","embeddable":true,"href":"https:\/\/sncplastik.com.tr\/tr\/wp-json\/wp\/v2\/product_brand?post=3051"},{"taxonomy":"product_cat","embeddable":true,"href":"https:\/\/sncplastik.com.tr\/tr\/wp-json\/wp\/v2\/product_cat?post=3051"},{"taxonomy":"product_tag","embeddable":true,"href":"https:\/\/sncplastik.com.tr\/tr\/wp-json\/wp\/v2\/product_tag?post=3051"}],"curies":[{"name":"wp","href":"https:\/\/api.w.org\/{rel}","templated":true}]}}