{"id":505,"date":"2015-04-01T13:09:41","date_gmt":"2015-04-01T10:09:41","guid":{"rendered":"http:\/\/buildme.freevision.me\/?page_id=505"},"modified":"2026-01-11T17:00:17","modified_gmt":"2026-01-11T14:00:17","slug":"kurumsal","status":"publish","type":"page","link":"https:\/\/sncplastik.com.tr\/tr\/kurumsal\/","title":{"rendered":"Kurumsal"},"content":{"rendered":"  <div id=\"page-header-1769732466\" class=\"page-header-wrapper\">\n  <div class=\"page-title light normal-title\">\n\n    \n    <div class=\"page-title-inner container align-center flex-row medium-flex-wrap\" >\n              <div class=\"title-wrapper flex-col text-left medium-text-center\">\n          <h1 class=\"entry-title mb-0\">\n            Kurumsal          <\/h1>\n        <\/div>\n                    <div class=\"title-content flex-col flex-right text-right medium-text-center\">\n        <div class=\"title-breadcrumbs pb-half pt-half\"><nav class=\"woocommerce-breadcrumb breadcrumbs uppercase\">Ana Sayfa<\/nav><\/div>      <\/div>\n    <\/div>\n\n       <\/div>\n    <\/div>\n  \n\t<div id=\"gap-1821867036\" class=\"gap-element clearfix\" style=\"display:block; height:auto;\">\n\t\t\n<style>\n#gap-1821867036 {\n  padding-top: 30px;\n}\n<\/style>\n\t<\/div>\n\t\n<div class=\"row\"  id=\"row-1355331039\">\n\n\t<div id=\"col-1344909520\" class=\"col medium-6 small-12 large-6\"  >\n\t\t\t\t<div class=\"col-inner\"  >\n\t\t\t\n\t\t\t\n<p>Snc Plastik;<br \/>\n2008 y\u0131l\u0131nda Sapanca \/ Sakarya\u2019da su sekt\u00f6r\u00fcne hizmet vermek amac\u0131yla kurulmu\u015ftur. Son sistem makine,ekipman ve techizatlarla polikarbonat damacana \u00fcretimine ba\u015flam\u0131\u015ft\u0131r.<br \/>\n2022 y\u0131l\u0131ndan itibaren Sakarya \/ Arifiye\u2019deki yeni \u00fcretim tesisinde \u00fcretimine devam etmektedir. 4.000 m\u00b2 \u00fcretim alan\u0131na sahip tesisinde uluslararas\u0131 kalite standartlar\u0131na uygun \u00fcr\u00fcnlerin \u00fcretimine devam etmektedir.<br \/>\nGe\u00e7mi\u015f tecr\u00fcbe ve bilgi birikimini koruyarak , ihracat pazar\u0131ndaki pay\u0131n\u0131 giderek artt\u0131rarak, h\u0131zl\u0131 bir \u015fekilde global bir marka olma yolunda ciddi ad\u0131mlar atmaktad\u0131r.<br \/>\nGerek yurt i\u00e7inde gerekse yurt d\u0131\u015f\u0131nda sekt\u00f6rdeki geli\u015fmeleri takip ederek \u00fcretim proseslerini bu de\u011fi\u015fiklikler ekseninde g\u00fcncellemektedir.<\/p>\n<p><strong>\u00dcR\u00dcNLER\u0130M\u0130Z;<\/strong><\/p>\n<p>Her t\u00fcrl\u00fc dolum makinesinde kullanabilen uygun bir yap\u0131ya,standart bir a\u011f\u0131z formuna ve son derece \u015feffaf &amp; parlak bir g\u00f6r\u00fcn\u00fcme sahiptir.<\/p>\n<p><strong>TEKNOLOJ\u0130;<\/strong><\/p>\n<p>Enjeksiyon stre\u00e7 blow molding teknolojisi ile 19 lt. pc. damacana ve ekstr\u00fczyon blow molding teknolojisi ile 15 lt.,19 lt. ve 20 lt.pc.kulplu damacana \u00fcretimi yapmaktad\u0131r.<\/p>\n\t<div id=\"gap-1534927944\" class=\"gap-element clearfix\" style=\"display:block; height:auto;\">\n\t\t\n<style>\n#gap-1534927944 {\n  padding-top: 38px;\n}\n<\/style>\n\t<\/div>\n\t\n\t\t<\/div>\n\t\t\t\t\t<\/div>\n\n\t\n\n\t<div id=\"col-399289144\" class=\"col medium-6 small-12 large-6\"  >\n\t\t\t\t<div class=\"col-inner\"  >\n\t\t\t\n\t\t\t\n\t<div class=\"img has-hover x md-x lg-x y md-y lg-y\" id=\"image_1047855173\">\n\t\t\t\t\t\t\t\t<div class=\"img-inner box-shadow-2 dark\" >\n\t\t\t<img loading=\"lazy\" decoding=\"async\" width=\"1490\" height=\"613\" src=\"https:\/\/sncplastik.com.tr\/wp-content\/uploads\/2024\/06\/snc-damacana-fabrika.jpg\" class=\"attachment-original size-original\" alt=\"\" srcset=\"https:\/\/sncplastik.com.tr\/wp-content\/uploads\/2024\/06\/snc-damacana-fabrika.jpg 1490w, https:\/\/sncplastik.com.tr\/wp-content\/uploads\/2024\/06\/snc-damacana-fabrika-768x316.jpg 768w\" sizes=\"auto, (max-width: 1490px) 100vw, 1490px\" \/>\t\t\t\t\t\t\n\t\t\t\t\t<\/div>\n\t\t\t\t\t\t\t\t\n<style>\n#image_1047855173 {\n  width: 100%;\n}\n<\/style>\n\t<\/div>\n\t\n\t<div class=\"img has-hover x md-x lg-x y md-y lg-y\" id=\"image_1239321930\">\n\t\t\t\t\t\t\t\t<div class=\"img-inner box-shadow-2 dark\" >\n\t\t\t<img loading=\"lazy\" decoding=\"async\" width=\"600\" height=\"400\" src=\"https:\/\/sncplastik.com.tr\/wp-content\/uploads\/2024\/06\/snc-damacana-imalati-11.jpg\" class=\"attachment-original size-original\" alt=\"\" \/>\t\t\t\t\t\t\t<div class=\"overlay\" style=\"background-color: rgba(0, 0, 0, 0.017)\"><\/div>\n\t\t\t\t\t\t\n\t\t\t\t\t<\/div>\n\t\t\t\t\t\t\t\t\n<style>\n#image_1239321930 {\n  width: 100%;\n}\n<\/style>\n\t<\/div>\n\t\n\t\t<\/div>\n\t\t\t\t\t<\/div>\n\n\t\n<\/div>\n","protected":false},"excerpt":{"rendered":"","protected":false},"author":1,"featured_media":0,"parent":0,"menu_order":0,"comment_status":"closed","ping_status":"closed","template":"","meta":{"footnotes":""},"class_list":["post-505","page","type-page","status-publish","hentry"],"_links":{"self":[{"href":"https:\/\/sncplastik.com.tr\/tr\/wp-json\/wp\/v2\/pages\/505","targetHints":{"allow":["GET"]}}],"collection":[{"href":"https:\/\/sncplastik.com.tr\/tr\/wp-json\/wp\/v2\/pages"}],"about":[{"href":"https:\/\/sncplastik.com.tr\/tr\/wp-json\/wp\/v2\/types\/page"}],"author":[{"embeddable":true,"href":"https:\/\/sncplastik.com.tr\/tr\/wp-json\/wp\/v2\/users\/1"}],"replies":[{"embeddable":true,"href":"https:\/\/sncplastik.com.tr\/tr\/wp-json\/wp\/v2\/comments?post=505"}],"version-history":[{"count":53,"href":"https:\/\/sncplastik.com.tr\/tr\/wp-json\/wp\/v2\/pages\/505\/revisions"}],"predecessor-version":[{"id":3035,"href":"https:\/\/sncplastik.com.tr\/tr\/wp-json\/wp\/v2\/pages\/505\/revisions\/3035"}],"wp:attachment":[{"href":"https:\/\/sncplastik.com.tr\/tr\/wp-json\/wp\/v2\/media?parent=505"}],"curies":[{"name":"wp","href":"https:\/\/api.w.org\/{rel}","templated":true}]}}