{"id":3039,"date":"2026-01-11T17:03:26","date_gmt":"2026-01-11T14:03:26","guid":{"rendered":"https:\/\/sncplastik.com.tr\/?page_id=3039"},"modified":"2026-01-11T17:07:08","modified_gmt":"2026-01-11T14:07:08","slug":"kalite-urun-guvenligi-ve-cevre-politikasi","status":"publish","type":"page","link":"https:\/\/sncplastik.com.tr\/tr\/kalite-urun-guvenligi-ve-cevre-politikasi\/","title":{"rendered":"Kalite, \u00dcr\u00fcn G\u00fcvenli\u011fi ve \u00c7evre Politikas\u0131"},"content":{"rendered":"  <div id=\"page-header-215370940\" class=\"page-header-wrapper\">\n  <div class=\"page-title light normal-title\">\n\n    \n    <div class=\"page-title-inner container align-center flex-row medium-flex-wrap\" >\n              <div class=\"title-wrapper flex-col text-left medium-text-center\">\n          <h1 class=\"entry-title mb-0\">\n            Kalite, \u00dcr\u00fcn G\u00fcvenli\u011fi ve \u00c7evre Politikas\u0131          <\/h1>\n        <\/div>\n                    <div class=\"title-content flex-col flex-right text-right medium-text-center\">\n        <div class=\"title-breadcrumbs pb-half pt-half\"><nav class=\"woocommerce-breadcrumb breadcrumbs uppercase\">Ana Sayfa<\/nav><\/div>      <\/div>\n    <\/div>\n\n       <\/div>\n    <\/div>\n  \n\t<div id=\"gap-888997189\" class=\"gap-element clearfix\" style=\"display:block; height:auto;\">\n\t\t\n<style>\n#gap-888997189 {\n  padding-top: 30px;\n}\n<\/style>\n\t<\/div>\n\t\n<div class=\"row\"  id=\"row-13626955\">\n\n\t<div id=\"col-1944871684\" class=\"col small-12 large-12\"  >\n\t\t\t\t<div class=\"col-inner\"  >\n\t\t\t\n\t\t\t\n<p>Firmam\u0131z, Plastik Damacana Ambalaj \u00fcretimi sekt\u00f6r\u00fcnde faaliyet g\u00f6stermektedir. \u0130nsan sa\u011fl\u0131\u011f\u0131n\u0131 do\u011frudan ilgilendiren bu konu t\u00fcm \u00e7al\u0131\u015fanlar\u0131m\u0131z\u0131n son derece dikkat g\u00f6stermeleri gereken bir husustur.<br \/>Faaliyet g\u00f6sterdi\u011fimiz bu sekt\u00f6rde M\u00fc\u015fteri ihtiya\u00e7 ve beklentilerini \u00f6n planda tutarak<\/p>\n<ul>\n<li>\u00dcr\u00fcnlerimizi hijyenik ve kaliteli olarak \u00fcretmek<\/li>\n<li>Ambalajlama ve Da\u011f\u0131t\u0131mda tam hijyenik ortam sa\u011flamak<\/li>\n<li>M\u00fc\u015fteri memnuniyetini \u00fcst d\u00fczeyde tutmak ve s\u00fcrekli ileti\u015fim i\u00e7inde olmak.<br \/>M\u00fc\u015fteri ihtiya\u00e7lar\u0131n\u0131 zaman\u0131nda kar\u015f\u0131lamak,<\/li>\n<li>Her zaman g\u00fcvenilir bir firma olmak,<\/li>\n<li>Faaliyetlerimizi Tar\u0131m Orman ve \u00c7evre \u015eehircilik ve \u0130klim De\u011fi\u015fikli\u011fi Bakanl\u0131\u011f\u0131n\u0131n Mevzuatlar\u0131na uygun olarak ger\u00e7ekle\u015ftirmek,<\/li>\n<li>\u00c7al\u0131\u015fanlar\u0131m\u0131z\u0131 Kalite, G\u0131da ve \u00c7evre konular\u0131nda bilin\u00e7lendirmek,<br \/>G\u0131da G\u00fcvenli\u011fi standard\u0131n\u0131n s\u00fcreklili\u011fini sa\u011flamak i\u00e7in hedeflerimizi ve planlar\u0131m\u0131z\u0131 s\u00fcrekli uygulamak,<\/li>\n<li>\u00dcr\u00fcnlerimiz ile ilgili Kimyasal ve Fiziksel tehlikeleri tam kontrol alt\u0131na almak, Fiziksel, kimyasal, biyolojik, alerjen, sabotaj ve hile risklerinin kontrol\u00fcn\u00fc sa\u011flamak,<\/li>\n<li>G\u0131da Ambalaj\u0131 Zincirindeki t\u00fcm kurulu\u015flarla etkin bir ileti\u015fim sa\u011flamak<br \/>\u00c7evre Y\u00f6netim sistemi standartlar\u0131na ve \u00c7evre, \u015eehircilik Bakanl\u0131\u011f\u0131n\u0131n ilgili mevzuatlar\u0131na uymak<\/li>\n<li>At\u0131klar\u0131 kayna\u011f\u0131nda azalt\u0131p, geri d\u00f6n\u00fc\u015f\u00fcm\u00fcn\u00fc ve geri kazan\u0131m\u0131n\u0131 sa\u011flayarak \u00e7evresel kirlenmeyi \u00f6nlemek,<\/li>\n<li>\u00dcr\u00fcnlerimiz mevzuata uygun, g\u00fcvenli ve izlenebilirli\u011fi garanti edilir,<\/li>\n<li>\u00dcr\u00fcn g\u00fcvenirlili\u011fini t\u00fcm faaliyetlerde \u00f6ncelikli olarak de\u011ferlendirmek,<\/li>\n<li>FSSC 22000 GGYS \u015fartlar\u0131na uygun olarak \u00fcretim yapmak<\/li>\n<\/ul>\n<p>Kalite Y\u00f6netim sistemleri \u015fartlar\u0131na uyarak s\u00fcrekli iyile\u015fme felsefesi ile t\u00fcm \u00e7al\u0131\u015fanlar\u0131m\u0131z\u0131n kat\u0131l\u0131m\u0131n\u0131 sa\u011flay\u0131p sekt\u00f6rde lider olmak Kalite \/ G\u0131da G\u00fcvenli\u011fi\/\u00c7evre Politikam\u0131z\u2018d\u0131r.<\/p>\n<p style=\"text-align: right;\">OKAN S\u0130NCAR<br \/>GENEL M\u00dcD\u00dcR<\/p>\n\t\t<\/div>\n\t\t\t\t\t<\/div>\n\n\t\n<\/div>\n","protected":false},"excerpt":{"rendered":"","protected":false},"author":1,"featured_media":0,"parent":0,"menu_order":0,"comment_status":"closed","ping_status":"closed","template":"page-blank.php","meta":{"footnotes":""},"class_list":["post-3039","page","type-page","status-publish","hentry"],"_links":{"self":[{"href":"https:\/\/sncplastik.com.tr\/tr\/wp-json\/wp\/v2\/pages\/3039","targetHints":{"allow":["GET"]}}],"collection":[{"href":"https:\/\/sncplastik.com.tr\/tr\/wp-json\/wp\/v2\/pages"}],"about":[{"href":"https:\/\/sncplastik.com.tr\/tr\/wp-json\/wp\/v2\/types\/page"}],"author":[{"embeddable":true,"href":"https:\/\/sncplastik.com.tr\/tr\/wp-json\/wp\/v2\/users\/1"}],"replies":[{"embeddable":true,"href":"https:\/\/sncplastik.com.tr\/tr\/wp-json\/wp\/v2\/comments?post=3039"}],"version-history":[{"count":3,"href":"https:\/\/sncplastik.com.tr\/tr\/wp-json\/wp\/v2\/pages\/3039\/revisions"}],"predecessor-version":[{"id":3042,"href":"https:\/\/sncplastik.com.tr\/tr\/wp-json\/wp\/v2\/pages\/3039\/revisions\/3042"}],"wp:attachment":[{"href":"https:\/\/sncplastik.com.tr\/tr\/wp-json\/wp\/v2\/media?parent=3039"}],"curies":[{"name":"wp","href":"https:\/\/api.w.org\/{rel}","templated":true}]}}