{"id":261,"date":"2015-03-31T15:02:32","date_gmt":"2015-03-31T12:02:32","guid":{"rendered":"http:\/\/buildme.freevision.me\/?page_id=261"},"modified":"2026-01-11T16:50:58","modified_gmt":"2026-01-11T13:50:58","slug":"belgeler","status":"publish","type":"page","link":"https:\/\/sncplastik.com.tr\/tr\/belgeler\/","title":{"rendered":"Belgeler"},"content":{"rendered":"  <div id=\"page-header-1044665420\" class=\"page-header-wrapper\">\n  <div class=\"page-title light normal-title\">\n\n    \n    <div class=\"page-title-inner container align-center flex-row medium-flex-wrap\" >\n              <div class=\"title-wrapper flex-col text-left medium-text-center\">\n          <h1 class=\"entry-title mb-0\">\n            Belgeler          <\/h1>\n        <\/div>\n                    <div class=\"title-content flex-col flex-right text-right medium-text-center\">\n        <div class=\"title-breadcrumbs pb-half pt-half\"><nav class=\"woocommerce-breadcrumb breadcrumbs uppercase\">Ana Sayfa<\/nav><\/div>      <\/div>\n    <\/div>\n\n       <\/div>\n    <\/div>\n  \n\t<div id=\"gap-1517880053\" class=\"gap-element clearfix\" style=\"display:block; height:auto;\">\n\t\t\n<style>\n#gap-1517880053 {\n  padding-top: 30px;\n}\n<\/style>\n\t<\/div>\n\t\n<div class=\"row\"  id=\"row-393332208\">\n\n\t<div id=\"col-1116478449\" class=\"col small-12 large-12\"  >\n\t\t\t\t<div class=\"col-inner\"  >\n\t\t\t\n\t\t\t\n\n  \n    <div class=\"row large-columns-4 medium-columns-3 small-columns-2\" >\n  <div class=\"gallery-col col\" >\n          <div class=\"col-inner\">\n            <a class=\"image-lightbox lightbox-gallery\" href=\"https:\/\/sncplastik.com.tr\/wp-content\/uploads\/2023\/04\/snc-isletme-kayit-belgesi-2.jpg\" title=\"SNC \u0130\u015fletme Kay\u0131t Belgesi - Arifiye Kaymakaml\u0131\u011f\u0131\">            <div class=\"box has-hover gallery-box box-bounce\">\n              <div class=\"box-image box-shadow-2\" >\n                <img loading=\"lazy\" decoding=\"async\" width=\"637\" height=\"900\" src=\"https:\/\/sncplastik.com.tr\/wp-content\/uploads\/2023\/04\/snc-isletme-kayit-belgesi-2.jpg\" class=\"attachment-original size-original\" alt=\"\" ids=\"2321,2323,3025,3027,3029\" style=\"bounce\" depth=\"2\" image_size=\"original\" text_align=\"center\" \/>                                                              <\/div>\n              <div class=\"box-text text-center\" >\n                 <p>SNC \u0130\u015fletme Kay\u0131t Belgesi - Arifiye Kaymakaml\u0131\u011f\u0131<\/p>\n              <\/div>\n            <\/div>\n            <\/a>          <\/div>\n         <\/div><div class=\"gallery-col col\" >\n          <div class=\"col-inner\">\n            <a class=\"image-lightbox lightbox-gallery\" href=\"https:\/\/sncplastik.com.tr\/wp-content\/uploads\/2023\/04\/snc-isletme-kayit-belgesi-1.jpg\" title=\"SNC \u0130\u015fletme Kay\u0131t Belgesi 1\">            <div class=\"box has-hover gallery-box box-bounce\">\n              <div class=\"box-image box-shadow-2\" >\n                <img loading=\"lazy\" decoding=\"async\" width=\"637\" height=\"900\" src=\"https:\/\/sncplastik.com.tr\/wp-content\/uploads\/2023\/04\/snc-isletme-kayit-belgesi-1.jpg\" class=\"attachment-original size-original\" alt=\"\" ids=\"2321,2323,3025,3027,3029\" style=\"bounce\" depth=\"2\" image_size=\"original\" text_align=\"center\" \/>                                                              <\/div>\n              <div class=\"box-text text-center\" >\n                 <p>SNC \u0130\u015fletme Kay\u0131t Belgesi 1<\/p>\n              <\/div>\n            <\/div>\n            <\/a>          <\/div>\n         <\/div><div class=\"gallery-col col\" >\n          <div class=\"col-inner\">\n            <a class=\"image-lightbox lightbox-gallery\" href=\"https:\/\/sncplastik.com.tr\/wp-content\/uploads\/2026\/01\/11.png\" title=\"ISO 14001: 2015\">            <div class=\"box has-hover gallery-box box-bounce\">\n              <div class=\"box-image box-shadow-2\" >\n                <img loading=\"lazy\" decoding=\"async\" width=\"626\" height=\"892\" src=\"https:\/\/sncplastik.com.tr\/wp-content\/uploads\/2026\/01\/11.png\" class=\"attachment-original size-original\" alt=\"\" ids=\"2321,2323,3025,3027,3029\" style=\"bounce\" depth=\"2\" image_size=\"original\" text_align=\"center\" \/>                                                              <\/div>\n              <div class=\"box-text text-center\" >\n                 <p>ISO 14001: 2015<\/p>\n              <\/div>\n            <\/div>\n            <\/a>          <\/div>\n         <\/div><div class=\"gallery-col col\" >\n          <div class=\"col-inner\">\n            <a class=\"image-lightbox lightbox-gallery\" href=\"https:\/\/sncplastik.com.tr\/wp-content\/uploads\/2026\/01\/ISO-22000-.png\" title=\"ISO 22000:2018\">            <div class=\"box has-hover gallery-box box-bounce\">\n              <div class=\"box-image box-shadow-2\" >\n                <img loading=\"lazy\" decoding=\"async\" width=\"627\" height=\"892\" src=\"https:\/\/sncplastik.com.tr\/wp-content\/uploads\/2026\/01\/ISO-22000-.png\" class=\"attachment-original size-original\" alt=\"\" ids=\"2321,2323,3025,3027,3029\" style=\"bounce\" depth=\"2\" image_size=\"original\" text_align=\"center\" \/>                                                              <\/div>\n              <div class=\"box-text text-center\" >\n                 <p>ISO 22000:2018<\/p>\n              <\/div>\n            <\/div>\n            <\/a>          <\/div>\n         <\/div><div class=\"gallery-col col\" >\n          <div class=\"col-inner\">\n            <a class=\"image-lightbox lightbox-gallery\" href=\"https:\/\/sncplastik.com.tr\/wp-content\/uploads\/2026\/01\/ISO-9001.png\" title=\"ISO 9001 2015\">            <div class=\"box has-hover gallery-box box-bounce\">\n              <div class=\"box-image box-shadow-2\" >\n                <img loading=\"lazy\" decoding=\"async\" width=\"627\" height=\"895\" src=\"https:\/\/sncplastik.com.tr\/wp-content\/uploads\/2026\/01\/ISO-9001.png\" class=\"attachment-original size-original\" alt=\"\" ids=\"2321,2323,3025,3027,3029\" style=\"bounce\" depth=\"2\" image_size=\"original\" text_align=\"center\" \/>                                                              <\/div>\n              <div class=\"box-text text-center\" >\n                 <p>ISO 9001 2015<\/p>\n              <\/div>\n            <\/div>\n            <\/a>          <\/div>\n         <\/div><\/div>\n\t\t<\/div>\n\t\t\t\t\t<\/div>\n\n\t\n<\/div>\n","protected":false},"excerpt":{"rendered":"","protected":false},"author":1,"featured_media":0,"parent":0,"menu_order":0,"comment_status":"closed","ping_status":"closed","template":"","meta":{"footnotes":""},"class_list":["post-261","page","type-page","status-publish","hentry"],"_links":{"self":[{"href":"https:\/\/sncplastik.com.tr\/tr\/wp-json\/wp\/v2\/pages\/261","targetHints":{"allow":["GET"]}}],"collection":[{"href":"https:\/\/sncplastik.com.tr\/tr\/wp-json\/wp\/v2\/pages"}],"about":[{"href":"https:\/\/sncplastik.com.tr\/tr\/wp-json\/wp\/v2\/types\/page"}],"author":[{"embeddable":true,"href":"https:\/\/sncplastik.com.tr\/tr\/wp-json\/wp\/v2\/users\/1"}],"replies":[{"embeddable":true,"href":"https:\/\/sncplastik.com.tr\/tr\/wp-json\/wp\/v2\/comments?post=261"}],"version-history":[{"count":33,"href":"https:\/\/sncplastik.com.tr\/tr\/wp-json\/wp\/v2\/pages\/261\/revisions"}],"predecessor-version":[{"id":3033,"href":"https:\/\/sncplastik.com.tr\/tr\/wp-json\/wp\/v2\/pages\/261\/revisions\/3033"}],"wp:attachment":[{"href":"https:\/\/sncplastik.com.tr\/tr\/wp-json\/wp\/v2\/media?parent=261"}],"curies":[{"name":"wp","href":"https:\/\/api.w.org\/{rel}","templated":true}]}}